{"id":669,"date":"2026-01-18T17:27:35","date_gmt":"2026-01-18T17:27:35","guid":{"rendered":"https:\/\/amwdynoservice.com\/?page_id=669"},"modified":"2026-01-18T17:30:44","modified_gmt":"2026-01-18T17:30:44","slug":"teollisuus","status":"publish","type":"page","link":"https:\/\/amwdynoservice.com\/index.php\/teollisuus\/","title":{"rendered":"Teollisuus"},"content":{"rendered":"\t\t<div data-elementor-type=\"wp-page\" data-elementor-id=\"669\" class=\"elementor elementor-669\">\n\t\t\t\t\t\t<section class=\"elementor-section elementor-top-section elementor-element elementor-element-eea01e4 elementor-section-boxed elementor-section-height-default elementor-section-height-default\" data-id=\"eea01e4\" data-element_type=\"section\" data-e-type=\"section\">\n\t\t\t\t\t\t<div class=\"elementor-container elementor-column-gap-default\">\n\t\t\t\t\t<div class=\"elementor-column elementor-col-100 elementor-top-column elementor-element elementor-element-e22085d\" data-id=\"e22085d\" data-element_type=\"column\" data-e-type=\"column\">\n\t\t\t<div class=\"elementor-widget-wrap elementor-element-populated\">\n\t\t\t\t\t\t<div class=\"elementor-element elementor-element-40b25e9 elementor-widget elementor-widget-heading\" data-id=\"40b25e9\" data-element_type=\"widget\" data-e-type=\"widget\" data-widget_type=\"heading.default\">\n\t\t\t\t<div class=\"elementor-widget-container\">\n\t\t\t\t\t<h2 class=\"elementor-heading-title elementor-size-default\">Teollisuus<\/h2>\t\t\t\t<\/div>\n\t\t\t\t<\/div>\n\t\t\t\t\t<\/div>\n\t\t<\/div>\n\t\t\t\t\t<\/div>\n\t\t<\/section>\n\t\t\t\t<section class=\"elementor-section elementor-top-section elementor-element elementor-element-660a1e1 elementor-section-boxed elementor-section-height-default elementor-section-height-default\" data-id=\"660a1e1\" data-element_type=\"section\" data-e-type=\"section\">\n\t\t\t\t\t\t<div class=\"elementor-container elementor-column-gap-default\">\n\t\t\t\t\t<div class=\"elementor-column elementor-col-100 elementor-top-column elementor-element elementor-element-ea749a4\" data-id=\"ea749a4\" data-element_type=\"column\" data-e-type=\"column\">\n\t\t\t<div class=\"elementor-widget-wrap elementor-element-populated\">\n\t\t\t\t\t\t<div class=\"elementor-element elementor-element-158df73 elementor-widget elementor-widget-image-carousel\" data-id=\"158df73\" data-element_type=\"widget\" data-e-type=\"widget\" data-settings=\"{&quot;slides_to_show&quot;:&quot;1&quot;,&quot;navigation&quot;:&quot;none&quot;,&quot;pause_on_hover&quot;:&quot;no&quot;,&quot;autoplay&quot;:&quot;yes&quot;,&quot;pause_on_interaction&quot;:&quot;yes&quot;,&quot;autoplay_speed&quot;:5000,&quot;infinite&quot;:&quot;yes&quot;,&quot;effect&quot;:&quot;slide&quot;,&quot;speed&quot;:500}\" data-widget_type=\"image-carousel.default\">\n\t\t\t\t<div class=\"elementor-widget-container\">\n\t\t\t\t\t\t\t<div class=\"elementor-image-carousel-wrapper swiper\" role=\"region\" aria-roledescription=\"carousel\" aria-label=\"Kuvakaruselli\" dir=\"ltr\">\n\t\t\t<div class=\"elementor-image-carousel swiper-wrapper\" aria-live=\"off\">\n\t\t\t\t\t\t\t\t<div class=\"swiper-slide\" role=\"group\" aria-roledescription=\"slide\" aria-label=\"1 of 6\"><figure class=\"swiper-slide-inner\"><img decoding=\"async\" class=\"swiper-slide-image\" src=\"https:\/\/amwdynoservice.com\/wp-content\/uploads\/2026\/01\/20251126_165834-846x1024.jpg\" alt=\"20251126_165834\" \/><\/figure><\/div><div class=\"swiper-slide\" role=\"group\" aria-roledescription=\"slide\" aria-label=\"2 of 6\"><figure class=\"swiper-slide-inner\"><img decoding=\"async\" class=\"swiper-slide-image\" src=\"https:\/\/amwdynoservice.com\/wp-content\/uploads\/2026\/01\/20230929_123101-1024x791.jpg\" alt=\"20230929_123101\" \/><\/figure><\/div><div class=\"swiper-slide\" role=\"group\" aria-roledescription=\"slide\" aria-label=\"3 of 6\"><figure class=\"swiper-slide-inner\"><img decoding=\"async\" class=\"swiper-slide-image\" src=\"https:\/\/amwdynoservice.com\/wp-content\/uploads\/2026\/01\/20241121_074239-629x1024.jpg\" alt=\"20241121_074239\" \/><\/figure><\/div><div class=\"swiper-slide\" role=\"group\" aria-roledescription=\"slide\" aria-label=\"4 of 6\"><figure class=\"swiper-slide-inner\"><img decoding=\"async\" class=\"swiper-slide-image\" src=\"https:\/\/amwdynoservice.com\/wp-content\/uploads\/2026\/01\/20250802_093758-689x1024.jpg\" alt=\"20250802_093758\" \/><\/figure><\/div><div class=\"swiper-slide\" role=\"group\" aria-roledescription=\"slide\" aria-label=\"5 of 6\"><figure class=\"swiper-slide-inner\"><img decoding=\"async\" class=\"swiper-slide-image\" src=\"https:\/\/amwdynoservice.com\/wp-content\/uploads\/2026\/01\/20250818_114919-688x1024.jpg\" alt=\"20250818_114919\" \/><\/figure><\/div><div class=\"swiper-slide\" role=\"group\" aria-roledescription=\"slide\" aria-label=\"6 of 6\"><figure class=\"swiper-slide-inner\"><img decoding=\"async\" class=\"swiper-slide-image\" src=\"https:\/\/amwdynoservice.com\/wp-content\/uploads\/2026\/01\/Screenshot_20260117_111716_Gallery-461x1024.jpg\" alt=\"Screenshot_20260117_111716_Gallery\" \/><\/figure><\/div>\t\t\t<\/div>\n\t\t\t\t\t\t\t\n\t\t\t\t\t\t\t\t\t<\/div>\n\t\t\t\t\t\t<\/div>\n\t\t\t\t<\/div>\n\t\t\t\t\t<\/div>\n\t\t<\/div>\n\t\t\t\t\t<\/div>\n\t\t<\/section>\n\t\t\t\t<section class=\"elementor-section elementor-top-section elementor-element elementor-element-e35dc4d elementor-section-boxed elementor-section-height-default elementor-section-height-default\" data-id=\"e35dc4d\" data-element_type=\"section\" data-e-type=\"section\">\n\t\t\t\t\t\t<div class=\"elementor-container elementor-column-gap-default\">\n\t\t\t\t\t<div class=\"elementor-column elementor-col-100 elementor-top-column elementor-element elementor-element-a17b042\" data-id=\"a17b042\" data-element_type=\"column\" data-e-type=\"column\">\n\t\t\t<div class=\"elementor-widget-wrap elementor-element-populated\">\n\t\t\t\t\t\t<div class=\"elementor-element elementor-element-17f505f elementor-widget elementor-widget-text-editor\" data-id=\"17f505f\" data-element_type=\"widget\" data-e-type=\"widget\" data-widget_type=\"text-editor.default\">\n\t\t\t\t<div class=\"elementor-widget-container\">\n\t\t\t\t\t\t\t\t\t<div>Valmistamme tuotekokonaisuuksia, kehit\u00e4mme k\u00e4yt\u00f6ss\u00e4 olevia laitteita, ratkaisemme\u00a0kunnossapidon ongelmia ja valmistamme erikoisty\u00f6kaluja<\/div><div>kuten\u00a0\u00a0<a href=\"http:\/\/locerosystem.fi\/\" target=\"_blank\" rel=\"noopener\" data-saferedirecturl=\"https:\/\/www.google.com\/url?q=http:\/\/locerosystem.fi&amp;source=gmail&amp;ust=1768841552478000&amp;usg=AOvVaw1Z_SSyorDmANhuaDmZCE1k\">locerosystem.fi<\/a>\u00a0<\/div><p>\u00a0<\/p><p>Ota yhteytt\u00e4 ja kysy lis\u00e4\u00e4!<\/p>\t\t\t\t\t\t\t\t<\/div>\n\t\t\t\t<\/div>\n\t\t\t\t\t<\/div>\n\t\t<\/div>\n\t\t\t\t\t<\/div>\n\t\t<\/section>\n\t\t\t\t<\/div>\n\t\t","protected":false},"excerpt":{"rendered":"<p>Teollisuus Valmistamme tuotekokonaisuuksia, kehit\u00e4mme k\u00e4yt\u00f6ss\u00e4 olevia laitteita, ratkaisemme\u00a0kunnossapidon ongelmia ja valmistamme erikoisty\u00f6kalujakuten\u00a0\u00a0locerosystem.fi\u00a0 \u00a0 Ota yhteytt\u00e4 ja kysy lis\u00e4\u00e4!<\/p>\n","protected":false},"author":1,"featured_media":0,"parent":0,"menu_order":0,"comment_status":"closed","ping_status":"closed","template":"","meta":{"footnotes":""},"class_list":["post-669","page","type-page","status-publish","hentry"],"_links":{"self":[{"href":"https:\/\/amwdynoservice.com\/index.php\/wp-json\/wp\/v2\/pages\/669","targetHints":{"allow":["GET"]}}],"collection":[{"href":"https:\/\/amwdynoservice.com\/index.php\/wp-json\/wp\/v2\/pages"}],"about":[{"href":"https:\/\/amwdynoservice.com\/index.php\/wp-json\/wp\/v2\/types\/page"}],"author":[{"embeddable":true,"href":"https:\/\/amwdynoservice.com\/index.php\/wp-json\/wp\/v2\/users\/1"}],"replies":[{"embeddable":true,"href":"https:\/\/amwdynoservice.com\/index.php\/wp-json\/wp\/v2\/comments?post=669"}],"version-history":[{"count":6,"href":"https:\/\/amwdynoservice.com\/index.php\/wp-json\/wp\/v2\/pages\/669\/revisions"}],"predecessor-version":[{"id":683,"href":"https:\/\/amwdynoservice.com\/index.php\/wp-json\/wp\/v2\/pages\/669\/revisions\/683"}],"wp:attachment":[{"href":"https:\/\/amwdynoservice.com\/index.php\/wp-json\/wp\/v2\/media?parent=669"}],"curies":[{"name":"wp","href":"https:\/\/api.w.org\/{rel}","templated":true}]}}