{"id":592,"date":"2025-05-11T06:17:00","date_gmt":"2025-05-11T06:17:00","guid":{"rendered":"https:\/\/amwdynoservice.com\/?page_id=592"},"modified":"2025-05-17T05:38:24","modified_gmt":"2025-05-17T05:38:24","slug":"locero-system","status":"publish","type":"page","link":"https:\/\/amwdynoservice.com\/index.php\/locero-system\/","title":{"rendered":"Locero System"},"content":{"rendered":"\t\t<div data-elementor-type=\"wp-page\" data-elementor-id=\"592\" class=\"elementor elementor-592\">\n\t\t\t\t\t\t<section class=\"elementor-section elementor-top-section elementor-element elementor-element-379147e elementor-section-boxed elementor-section-height-default elementor-section-height-default\" data-id=\"379147e\" data-element_type=\"section\" data-e-type=\"section\">\n\t\t\t\t\t\t<div class=\"elementor-container elementor-column-gap-default\">\n\t\t\t\t\t<div class=\"elementor-column elementor-col-100 elementor-top-column elementor-element elementor-element-ab75c61\" data-id=\"ab75c61\" data-element_type=\"column\" data-e-type=\"column\">\n\t\t\t<div class=\"elementor-widget-wrap elementor-element-populated\">\n\t\t\t\t\t\t<div class=\"elementor-element elementor-element-51a2bf6 elementor-widget elementor-widget-heading\" data-id=\"51a2bf6\" data-element_type=\"widget\" data-e-type=\"widget\" data-widget_type=\"heading.default\">\n\t\t\t\t<div class=\"elementor-widget-container\">\n\t\t\t\t\t<h2 class=\"elementor-heading-title elementor-size-default\">Locero System \u00ae <\/h2>\t\t\t\t<\/div>\n\t\t\t\t<\/div>\n\t\t\t\t<div class=\"elementor-element elementor-element-44b54b5 elementor-widget elementor-widget-heading\" data-id=\"44b54b5\" data-element_type=\"widget\" data-e-type=\"widget\" data-widget_type=\"heading.default\">\n\t\t\t\t<div class=\"elementor-widget-container\">\n\t\t\t\t\t<h2 class=\"elementor-heading-title elementor-size-default\">Oletko ammattilainen?<\/h2>\t\t\t\t<\/div>\n\t\t\t\t<\/div>\n\t\t\t\t<div class=\"elementor-element elementor-element-eff278c elementor-widget elementor-widget-image\" data-id=\"eff278c\" data-element_type=\"widget\" data-e-type=\"widget\" data-widget_type=\"image.default\">\n\t\t\t\t<div class=\"elementor-widget-container\">\n\t\t\t\t\t\t\t\t\t\t\t\t\t\t\t<img fetchpriority=\"high\" decoding=\"async\" width=\"752\" height=\"1024\" src=\"https:\/\/amwdynoservice.com\/wp-content\/uploads\/2025\/05\/IMG-20250221-WA0008-752x1024.jpg\" class=\"attachment-large size-large wp-image-578\" alt=\"\" srcset=\"https:\/\/amwdynoservice.com\/wp-content\/uploads\/2025\/05\/IMG-20250221-WA0008-752x1024.jpg 752w, https:\/\/amwdynoservice.com\/wp-content\/uploads\/2025\/05\/IMG-20250221-WA0008-220x300.jpg 220w, https:\/\/amwdynoservice.com\/wp-content\/uploads\/2025\/05\/IMG-20250221-WA0008-768x1045.jpg 768w, https:\/\/amwdynoservice.com\/wp-content\/uploads\/2025\/05\/IMG-20250221-WA0008-1128x1536.jpg 1128w, https:\/\/amwdynoservice.com\/wp-content\/uploads\/2025\/05\/IMG-20250221-WA0008.jpg 1152w\" sizes=\"(max-width: 752px) 100vw, 752px\" \/>\t\t\t\t\t\t\t\t\t\t\t\t\t\t\t<\/div>\n\t\t\t\t<\/div>\n\t\t\t\t\t<\/div>\n\t\t<\/div>\n\t\t\t\t\t<\/div>\n\t\t<\/section>\n\t\t\t\t<section class=\"elementor-section elementor-top-section elementor-element elementor-element-81205ef elementor-section-boxed elementor-section-height-default elementor-section-height-default\" data-id=\"81205ef\" data-element_type=\"section\" data-e-type=\"section\">\n\t\t\t\t\t\t<div class=\"elementor-container elementor-column-gap-default\">\n\t\t\t\t\t<div class=\"elementor-column elementor-col-100 elementor-top-column elementor-element elementor-element-f26a1cc\" data-id=\"f26a1cc\" data-element_type=\"column\" data-e-type=\"column\">\n\t\t\t<div class=\"elementor-widget-wrap elementor-element-populated\">\n\t\t\t\t\t\t<div class=\"elementor-element elementor-element-f55183e elementor-widget elementor-widget-text-editor\" data-id=\"f55183e\" data-element_type=\"widget\" data-e-type=\"widget\" data-widget_type=\"text-editor.default\">\n\t\t\t\t<div class=\"elementor-widget-container\">\n\t\t\t\t\t\t\t\t\t<p>Unohda <strong>karkki ja keksirasiat<\/strong> ja ep\u00e4k\u00e4yt\u00e4nn\u00f6lliset s\u00e4ilytysratkaisut \u2013 valitse Locero System, kun haluat j\u00e4rjestyst\u00e4, kest\u00e4vyytt\u00e4 ja tehokkuutta ty\u00f6p\u00e4iv\u00e4\u00e4si.<\/p>\t\t\t\t\t\t\t\t<\/div>\n\t\t\t\t<\/div>\n\t\t\t\t<div class=\"elementor-element elementor-element-ed4a814 elementor-widget elementor-widget-image\" data-id=\"ed4a814\" data-element_type=\"widget\" data-e-type=\"widget\" data-widget_type=\"image.default\">\n\t\t\t\t<div class=\"elementor-widget-container\">\n\t\t\t\t\t\t\t\t\t\t\t\t\t\t\t<img decoding=\"async\" width=\"843\" height=\"831\" src=\"https:\/\/amwdynoservice.com\/wp-content\/uploads\/2025\/05\/20250502_083050-1024x1009.jpg\" class=\"attachment-large size-large wp-image-582\" alt=\"\" srcset=\"https:\/\/amwdynoservice.com\/wp-content\/uploads\/2025\/05\/20250502_083050-1024x1009.jpg 1024w, https:\/\/amwdynoservice.com\/wp-content\/uploads\/2025\/05\/20250502_083050-300x296.jpg 300w, https:\/\/amwdynoservice.com\/wp-content\/uploads\/2025\/05\/20250502_083050-768x757.jpg 768w, https:\/\/amwdynoservice.com\/wp-content\/uploads\/2025\/05\/20250502_083050-1536x1514.jpg 1536w, https:\/\/amwdynoservice.com\/wp-content\/uploads\/2025\/05\/20250502_083050-2048x2018.jpg 2048w\" sizes=\"(max-width: 843px) 100vw, 843px\" \/>\t\t\t\t\t\t\t\t\t\t\t\t\t\t\t<\/div>\n\t\t\t\t<\/div>\n\t\t\t\t<div class=\"elementor-element elementor-element-863c4e4 elementor-widget elementor-widget-text-editor\" data-id=\"863c4e4\" data-element_type=\"widget\" data-e-type=\"widget\" data-widget_type=\"text-editor.default\">\n\t\t\t\t<div class=\"elementor-widget-container\">\n\t\t\t\t\t\t\t\t\t<p>Purku- ja korjaust\u00f6iss\u00e4 irrotettavien osien oikea s\u00e4ilytys on enemm\u00e4n kuin j\u00e4rjestyskysymys \u2013 se on osa tehokkuutta, turvallisuutta ja ammattimaista ty\u00f6nj\u00e4lke\u00e4. <strong data-start=\"414\" data-end=\"431\">Locero System <\/strong>\u00a0on suunniteltu juuri n\u00e4ihin tarpeisiin. Se on moderni, kemikaaleja ja kovaa k\u00e4ytt\u00f6\u00e4 kest\u00e4v\u00e4 s\u00e4ilytysj\u00e4rjestelm\u00e4, joka tuo selkeytt\u00e4 ty\u00f6vaiheisiin ja varmistaa, ett\u00e4 jokainen osa l\u00f6ytyy silloin kun sit\u00e4 tarvitaan.<\/p>\t\t\t\t\t\t\t\t<\/div>\n\t\t\t\t<\/div>\n\t\t\t\t<div class=\"elementor-element elementor-element-875a5cc elementor-widget elementor-widget-image\" data-id=\"875a5cc\" data-element_type=\"widget\" data-e-type=\"widget\" data-widget_type=\"image.default\">\n\t\t\t\t<div class=\"elementor-widget-container\">\n\t\t\t\t\t\t\t\t\t\t\t\t\t\t\t<img decoding=\"async\" width=\"843\" height=\"862\" src=\"https:\/\/amwdynoservice.com\/wp-content\/uploads\/2025\/05\/20240813_181057-1001x1024.jpg\" class=\"attachment-large size-large wp-image-576\" alt=\"\" srcset=\"https:\/\/amwdynoservice.com\/wp-content\/uploads\/2025\/05\/20240813_181057-1001x1024.jpg 1001w, https:\/\/amwdynoservice.com\/wp-content\/uploads\/2025\/05\/20240813_181057-293x300.jpg 293w, https:\/\/amwdynoservice.com\/wp-content\/uploads\/2025\/05\/20240813_181057-768x785.jpg 768w, https:\/\/amwdynoservice.com\/wp-content\/uploads\/2025\/05\/20240813_181057-1502x1536.jpg 1502w, https:\/\/amwdynoservice.com\/wp-content\/uploads\/2025\/05\/20240813_181057-2002x2048.jpg 2002w\" sizes=\"(max-width: 843px) 100vw, 843px\" \/>\t\t\t\t\t\t\t\t\t\t\t\t\t\t\t<\/div>\n\t\t\t\t<\/div>\n\t\t\t\t<div class=\"elementor-element elementor-element-7c3ddfc elementor-widget elementor-widget-heading\" data-id=\"7c3ddfc\" data-element_type=\"widget\" data-e-type=\"widget\" data-widget_type=\"heading.default\">\n\t\t\t\t<div class=\"elementor-widget-container\">\n\t\t\t\t\t<h2 class=\"elementor-heading-title elementor-size-default\">Miksi valita Locero System?<\/h2>\t\t\t\t<\/div>\n\t\t\t\t<\/div>\n\t\t\t\t<div class=\"elementor-element elementor-element-91bd40e elementor-widget elementor-widget-toggle\" data-id=\"91bd40e\" data-element_type=\"widget\" data-e-type=\"widget\" data-widget_type=\"toggle.default\">\n\t\t\t\t<div class=\"elementor-widget-container\">\n\t\t\t\t\t\t\t<div class=\"elementor-toggle\">\n\t\t\t\t\t\t\t<div class=\"elementor-toggle-item\">\n\t\t\t\t\t<div id=\"elementor-tab-title-1521\" class=\"elementor-tab-title\" data-tab=\"1\" role=\"button\" aria-controls=\"elementor-tab-content-1521\" aria-expanded=\"false\">\n\t\t\t\t\t\t\t\t\t\t\t\t<span class=\"elementor-toggle-icon elementor-toggle-icon-left\" aria-hidden=\"true\">\n\t\t\t\t\t\t\t\t\t\t\t\t\t\t\t<span class=\"elementor-toggle-icon-closed\"><i class=\"fas fa-caret-right\"><\/i><\/span>\n\t\t\t\t\t\t\t\t<span class=\"elementor-toggle-icon-opened\"><i class=\"elementor-toggle-icon-opened fas fa-caret-up\"><\/i><\/span>\n\t\t\t\t\t\t\t\t\t\t\t\t\t<\/span>\n\t\t\t\t\t\t\t\t\t\t\t\t<a class=\"elementor-toggle-title\" tabindex=\"0\">Kest\u00e4\u00e4 kemikaaleja, \u00f6ljyj\u00e4 ja raskasta k\u00e4ytt\u00f6\u00e4 <\/a>\n\t\t\t\t\t<\/div>\n\n\t\t\t\t\t<div id=\"elementor-tab-content-1521\" class=\"elementor-tab-content elementor-clearfix\" data-tab=\"1\" role=\"region\" aria-labelledby=\"elementor-tab-title-1521\"><p>\u2013 t\u00e4ydellinen teollisuus- ja autokorjaamoymp\u00e4rist\u00f6ihin.<\/p><\/div>\n\t\t\t\t<\/div>\n\t\t\t\t\t\t\t<div class=\"elementor-toggle-item\">\n\t\t\t\t\t<div id=\"elementor-tab-title-1522\" class=\"elementor-tab-title\" data-tab=\"2\" role=\"button\" aria-controls=\"elementor-tab-content-1522\" aria-expanded=\"false\">\n\t\t\t\t\t\t\t\t\t\t\t\t<span class=\"elementor-toggle-icon elementor-toggle-icon-left\" aria-hidden=\"true\">\n\t\t\t\t\t\t\t\t\t\t\t\t\t\t\t<span class=\"elementor-toggle-icon-closed\"><i class=\"fas fa-caret-right\"><\/i><\/span>\n\t\t\t\t\t\t\t\t<span class=\"elementor-toggle-icon-opened\"><i class=\"elementor-toggle-icon-opened fas fa-caret-up\"><\/i><\/span>\n\t\t\t\t\t\t\t\t\t\t\t\t\t<\/span>\n\t\t\t\t\t\t\t\t\t\t\t\t<a class=\"elementor-toggle-title\" tabindex=\"0\">Kantaa raskaitakin osia turvallisesti<\/a>\n\t\t\t\t\t<\/div>\n\n\t\t\t\t\t<div id=\"elementor-tab-content-1522\" class=\"elementor-tab-content elementor-clearfix\" data-tab=\"2\" role=\"region\" aria-labelledby=\"elementor-tab-title-1522\"><p>\u2013 ei halkeile tai pet\u00e4 kovassakaan kuormituksessa.<\/p><\/div>\n\t\t\t\t<\/div>\n\t\t\t\t\t\t\t<div class=\"elementor-toggle-item\">\n\t\t\t\t\t<div id=\"elementor-tab-title-1523\" class=\"elementor-tab-title\" data-tab=\"3\" role=\"button\" aria-controls=\"elementor-tab-content-1523\" aria-expanded=\"false\">\n\t\t\t\t\t\t\t\t\t\t\t\t<span class=\"elementor-toggle-icon elementor-toggle-icon-left\" aria-hidden=\"true\">\n\t\t\t\t\t\t\t\t\t\t\t\t\t\t\t<span class=\"elementor-toggle-icon-closed\"><i class=\"fas fa-caret-right\"><\/i><\/span>\n\t\t\t\t\t\t\t\t<span class=\"elementor-toggle-icon-opened\"><i class=\"elementor-toggle-icon-opened fas fa-caret-up\"><\/i><\/span>\n\t\t\t\t\t\t\t\t\t\t\t\t\t<\/span>\n\t\t\t\t\t\t\t\t\t\t\t\t<a class=\"elementor-toggle-title\" tabindex=\"0\">Nopeuttaa ja selkeytt\u00e4\u00e4 kasaus- ja purkuty\u00f6t\u00e4<\/a>\n\t\t\t\t\t<\/div>\n\n\t\t\t\t\t<div id=\"elementor-tab-content-1523\" class=\"elementor-tab-content elementor-clearfix\" data-tab=\"3\" role=\"region\" aria-labelledby=\"elementor-tab-title-1523\"><p>\u2013 jokaiselle osalle oma paikkansa, turha etsiminen j\u00e4\u00e4 historiaan.<\/p><\/div>\n\t\t\t\t<\/div>\n\t\t\t\t\t\t\t<div class=\"elementor-toggle-item\">\n\t\t\t\t\t<div id=\"elementor-tab-title-1524\" class=\"elementor-tab-title\" data-tab=\"4\" role=\"button\" aria-controls=\"elementor-tab-content-1524\" aria-expanded=\"false\">\n\t\t\t\t\t\t\t\t\t\t\t\t<span class=\"elementor-toggle-icon elementor-toggle-icon-left\" aria-hidden=\"true\">\n\t\t\t\t\t\t\t\t\t\t\t\t\t\t\t<span class=\"elementor-toggle-icon-closed\"><i class=\"fas fa-caret-right\"><\/i><\/span>\n\t\t\t\t\t\t\t\t<span class=\"elementor-toggle-icon-opened\"><i class=\"elementor-toggle-icon-opened fas fa-caret-up\"><\/i><\/span>\n\t\t\t\t\t\t\t\t\t\t\t\t\t<\/span>\n\t\t\t\t\t\t\t\t\t\t\t\t<a class=\"elementor-toggle-title\" tabindex=\"0\">Parantaa ty\u00f6turvallisuutta <\/a>\n\t\t\t\t\t<\/div>\n\n\t\t\t\t\t<div id=\"elementor-tab-content-1524\" class=\"elementor-tab-content elementor-clearfix\" data-tab=\"4\" role=\"region\" aria-labelledby=\"elementor-tab-title-1524\"><p>\u2013 v\u00e4hemm\u00e4n irtoesineit\u00e4, v\u00e4hemm\u00e4n vaaratilanteita.<\/p><\/div>\n\t\t\t\t<\/div>\n\t\t\t\t\t\t\t<div class=\"elementor-toggle-item\">\n\t\t\t\t\t<div id=\"elementor-tab-title-1525\" class=\"elementor-tab-title\" data-tab=\"5\" role=\"button\" aria-controls=\"elementor-tab-content-1525\" aria-expanded=\"false\">\n\t\t\t\t\t\t\t\t\t\t\t\t<span class=\"elementor-toggle-icon elementor-toggle-icon-left\" aria-hidden=\"true\">\n\t\t\t\t\t\t\t\t\t\t\t\t\t\t\t<span class=\"elementor-toggle-icon-closed\"><i class=\"fas fa-caret-right\"><\/i><\/span>\n\t\t\t\t\t\t\t\t<span class=\"elementor-toggle-icon-opened\"><i class=\"elementor-toggle-icon-opened fas fa-caret-up\"><\/i><\/span>\n\t\t\t\t\t\t\t\t\t\t\t\t\t<\/span>\n\t\t\t\t\t\t\t\t\t\t\t\t<a class=\"elementor-toggle-title\" tabindex=\"0\">Ammattimainen ja siisti ty\u00f6ymp\u00e4rist\u00f6<\/a>\n\t\t\t\t\t<\/div>\n\n\t\t\t\t\t<div id=\"elementor-tab-content-1525\" class=\"elementor-tab-content elementor-clearfix\" data-tab=\"5\" role=\"region\" aria-labelledby=\"elementor-tab-title-1525\"><p>\u2013 antaa hyv\u00e4n vaikutelman asiakkaille ja sujuvoittaa p\u00e4ivitt\u00e4ist\u00e4 tekemist\u00e4.<\/p><\/div>\n\t\t\t\t<\/div>\n\t\t\t\t\t\t\t\t<\/div>\n\t\t\t\t\t\t<\/div>\n\t\t\t\t<\/div>\n\t\t\t\t\t<\/div>\n\t\t<\/div>\n\t\t\t\t\t<\/div>\n\t\t<\/section>\n\t\t\t\t<section class=\"elementor-section elementor-top-section elementor-element elementor-element-4bdaf3f elementor-section-boxed elementor-section-height-default elementor-section-height-default\" data-id=\"4bdaf3f\" data-element_type=\"section\" data-e-type=\"section\">\n\t\t\t\t\t\t<div class=\"elementor-container elementor-column-gap-default\">\n\t\t\t\t\t<div class=\"elementor-column elementor-col-100 elementor-top-column elementor-element elementor-element-99fc26a\" data-id=\"99fc26a\" data-element_type=\"column\" data-e-type=\"column\">\n\t\t\t<div class=\"elementor-widget-wrap elementor-element-populated\">\n\t\t\t\t\t\t<div class=\"elementor-element elementor-element-f2edef5 elementor-widget elementor-widget-button\" data-id=\"f2edef5\" data-element_type=\"widget\" data-e-type=\"widget\" data-widget_type=\"button.default\">\n\t\t\t\t<div class=\"elementor-widget-container\">\n\t\t\t\t\t\t\t\t\t<div class=\"elementor-button-wrapper\">\n\t\t\t\t\t<a class=\"elementor-button elementor-button-link elementor-size-sm\" href=\"https:\/\/amwdynoservice.com\/wp-content\/uploads\/2025\/05\/Locero-hinnasto-2025-1.pdf\">\n\t\t\t\t\t\t<span class=\"elementor-button-content-wrapper\">\n\t\t\t\t\t\t\t\t\t<span class=\"elementor-button-text\">Lataa hinnasto<\/span>\n\t\t\t\t\t<\/span>\n\t\t\t\t\t<\/a>\n\t\t\t\t<\/div>\n\t\t\t\t\t\t\t\t<\/div>\n\t\t\t\t<\/div>\n\t\t\t\t<div class=\"elementor-element elementor-element-58ec24b elementor-widget elementor-widget-text-editor\" data-id=\"58ec24b\" data-element_type=\"widget\" data-e-type=\"widget\" data-widget_type=\"text-editor.default\">\n\t\t\t\t<div class=\"elementor-widget-container\">\n\t\t\t\t\t\t\t\t\t<p><strong>Kysy lis\u00e4\u00e4!<\/strong><\/p><p>juha.martikainen@amwdynoservice.com<br \/>www.amwdynoservice.com<br \/>puh +358 500 759 612 soitamme aina takaisin!<\/p>\t\t\t\t\t\t\t\t<\/div>\n\t\t\t\t<\/div>\n\t\t\t\t\t<\/div>\n\t\t<\/div>\n\t\t\t\t\t<\/div>\n\t\t<\/section>\n\t\t\t\t<section class=\"elementor-section elementor-top-section elementor-element elementor-element-a679f36 elementor-section-boxed elementor-section-height-default elementor-section-height-default\" data-id=\"a679f36\" data-element_type=\"section\" data-e-type=\"section\">\n\t\t\t\t\t\t<div class=\"elementor-container elementor-column-gap-default\">\n\t\t\t\t\t<div class=\"elementor-column elementor-col-100 elementor-top-column elementor-element elementor-element-34474d5\" data-id=\"34474d5\" data-element_type=\"column\" data-e-type=\"column\">\n\t\t\t<div class=\"elementor-widget-wrap elementor-element-populated\">\n\t\t\t\t\t\t<div class=\"elementor-element elementor-element-b0e2be1 elementor-widget-divider--view-line elementor-widget elementor-widget-divider\" data-id=\"b0e2be1\" data-element_type=\"widget\" data-e-type=\"widget\" data-widget_type=\"divider.default\">\n\t\t\t\t<div class=\"elementor-widget-container\">\n\t\t\t\t\t\t\t<div class=\"elementor-divider\">\n\t\t\t<span class=\"elementor-divider-separator\">\n\t\t\t\t\t\t<\/span>\n\t\t<\/div>\n\t\t\t\t\t\t<\/div>\n\t\t\t\t<\/div>\n\t\t\t\t<div class=\"elementor-element elementor-element-590210e elementor-widget elementor-widget-image\" data-id=\"590210e\" data-element_type=\"widget\" data-e-type=\"widget\" data-widget_type=\"image.default\">\n\t\t\t\t<div class=\"elementor-widget-container\">\n\t\t\t\t\t\t\t\t\t\t\t\t\t\t\t<img loading=\"lazy\" decoding=\"async\" width=\"640\" height=\"135\" src=\"https:\/\/amwdynoservice.com\/wp-content\/uploads\/2025\/02\/euroopan-unionin-osarahoittama-logo-640x135-1.png\" class=\"attachment-large size-large wp-image-551\" alt=\"\" srcset=\"https:\/\/amwdynoservice.com\/wp-content\/uploads\/2025\/02\/euroopan-unionin-osarahoittama-logo-640x135-1.png 640w, https:\/\/amwdynoservice.com\/wp-content\/uploads\/2025\/02\/euroopan-unionin-osarahoittama-logo-640x135-1-300x63.png 300w\" sizes=\"(max-width: 640px) 100vw, 640px\" \/>\t\t\t\t\t\t\t\t\t\t\t\t\t\t\t<\/div>\n\t\t\t\t<\/div>\n\t\t\t\t<div class=\"elementor-element elementor-element-d0d8b93 elementor-widget elementor-widget-text-editor\" data-id=\"d0d8b93\" data-element_type=\"widget\" data-e-type=\"widget\" data-widget_type=\"text-editor.default\">\n\t\t\t\t<div class=\"elementor-widget-container\">\n\t\t\t\t\t\t\t\t\t<p>Locero System on kehitetty osana Euroopan unionin osarahoittamaa kehityshanketta, jonka tavoitteena on ollut tehostaa kunnossapidon toimintamalleja sek\u00e4 parantaa ty\u00f6ymp\u00e4rist\u00f6jen turvallisuutta.<\/p>\t\t\t\t\t\t\t\t<\/div>\n\t\t\t\t<\/div>\n\t\t\t\t\t<\/div>\n\t\t<\/div>\n\t\t\t\t\t<\/div>\n\t\t<\/section>\n\t\t\t\t<\/div>\n\t\t","protected":false},"excerpt":{"rendered":"<p>Locero System Tavoitteena on luoda tehokas purku-, ja kasaamisprosessin lokerointi- ja s\u00e4ilytysj\u00e4rjestelm\u00e4, mik\u00e4 parantaa ty\u00f6n laatua kaikilla sen osa-alueilla.  <\/p>\n","protected":false},"author":1,"featured_media":0,"parent":0,"menu_order":0,"comment_status":"closed","ping_status":"closed","template":"","meta":{"footnotes":""},"class_list":["post-592","page","type-page","status-publish","hentry"],"_links":{"self":[{"href":"https:\/\/amwdynoservice.com\/index.php\/wp-json\/wp\/v2\/pages\/592","targetHints":{"allow":["GET"]}}],"collection":[{"href":"https:\/\/amwdynoservice.com\/index.php\/wp-json\/wp\/v2\/pages"}],"about":[{"href":"https:\/\/amwdynoservice.com\/index.php\/wp-json\/wp\/v2\/types\/page"}],"author":[{"embeddable":true,"href":"https:\/\/amwdynoservice.com\/index.php\/wp-json\/wp\/v2\/users\/1"}],"replies":[{"embeddable":true,"href":"https:\/\/amwdynoservice.com\/index.php\/wp-json\/wp\/v2\/comments?post=592"}],"version-history":[{"count":31,"href":"https:\/\/amwdynoservice.com\/index.php\/wp-json\/wp\/v2\/pages\/592\/revisions"}],"predecessor-version":[{"id":654,"href":"https:\/\/amwdynoservice.com\/index.php\/wp-json\/wp\/v2\/pages\/592\/revisions\/654"}],"wp:attachment":[{"href":"https:\/\/amwdynoservice.com\/index.php\/wp-json\/wp\/v2\/media?parent=592"}],"curies":[{"name":"wp","href":"https:\/\/api.w.org\/{rel}","templated":true}]}}