{"id":200,"date":"2021-03-25T10:17:32","date_gmt":"2021-03-25T10:17:32","guid":{"rendered":"https:\/\/amwdynoservice.com\/?page_id=200"},"modified":"2025-01-13T14:33:48","modified_gmt":"2025-01-13T14:33:48","slug":"autojen-entisointi","status":"publish","type":"page","link":"https:\/\/amwdynoservice.com\/index.php\/autojen-entisointi\/","title":{"rendered":"Autojen entis\u00f6inti"},"content":{"rendered":"\t\t<div data-elementor-type=\"wp-page\" data-elementor-id=\"200\" class=\"elementor elementor-200\">\n\t\t\t\t\t\t<section class=\"elementor-section elementor-top-section elementor-element elementor-element-eea01e4 elementor-section-boxed elementor-section-height-default elementor-section-height-default\" data-id=\"eea01e4\" data-element_type=\"section\" data-e-type=\"section\">\n\t\t\t\t\t\t<div class=\"elementor-container elementor-column-gap-default\">\n\t\t\t\t\t<div class=\"elementor-column elementor-col-100 elementor-top-column elementor-element elementor-element-e22085d\" data-id=\"e22085d\" data-element_type=\"column\" data-e-type=\"column\">\n\t\t\t<div class=\"elementor-widget-wrap elementor-element-populated\">\n\t\t\t\t\t\t<div class=\"elementor-element elementor-element-40b25e9 elementor-widget elementor-widget-heading\" data-id=\"40b25e9\" data-element_type=\"widget\" data-e-type=\"widget\" data-widget_type=\"heading.default\">\n\t\t\t\t<div class=\"elementor-widget-container\">\n\t\t\t\t\t<h2 class=\"elementor-heading-title elementor-size-default\">Autojen entis\u00f6inti<\/h2>\t\t\t\t<\/div>\n\t\t\t\t<\/div>\n\t\t\t\t\t<\/div>\n\t\t<\/div>\n\t\t\t\t\t<\/div>\n\t\t<\/section>\n\t\t\t\t<section class=\"elementor-section elementor-top-section elementor-element elementor-element-660a1e1 elementor-section-boxed elementor-section-height-default elementor-section-height-default\" data-id=\"660a1e1\" data-element_type=\"section\" data-e-type=\"section\">\n\t\t\t\t\t\t<div class=\"elementor-container elementor-column-gap-default\">\n\t\t\t\t\t<div class=\"elementor-column elementor-col-100 elementor-top-column elementor-element elementor-element-ea749a4\" data-id=\"ea749a4\" data-element_type=\"column\" data-e-type=\"column\">\n\t\t\t<div class=\"elementor-widget-wrap elementor-element-populated\">\n\t\t\t\t\t\t<div class=\"elementor-element elementor-element-158df73 elementor-widget elementor-widget-image-carousel\" data-id=\"158df73\" data-element_type=\"widget\" data-e-type=\"widget\" data-settings=\"{&quot;slides_to_show&quot;:&quot;1&quot;,&quot;navigation&quot;:&quot;none&quot;,&quot;pause_on_hover&quot;:&quot;no&quot;,&quot;autoplay&quot;:&quot;yes&quot;,&quot;pause_on_interaction&quot;:&quot;yes&quot;,&quot;autoplay_speed&quot;:5000,&quot;infinite&quot;:&quot;yes&quot;,&quot;effect&quot;:&quot;slide&quot;,&quot;speed&quot;:500}\" data-widget_type=\"image-carousel.default\">\n\t\t\t\t<div class=\"elementor-widget-container\">\n\t\t\t\t\t\t\t<div class=\"elementor-image-carousel-wrapper swiper\" role=\"region\" aria-roledescription=\"carousel\" aria-label=\"Kuvakaruselli\" dir=\"ltr\">\n\t\t\t<div class=\"elementor-image-carousel swiper-wrapper\" aria-live=\"off\">\n\t\t\t\t\t\t\t\t<div class=\"swiper-slide\" role=\"group\" aria-roledescription=\"slide\" aria-label=\"1 of 5\"><figure class=\"swiper-slide-inner\"><img decoding=\"async\" class=\"swiper-slide-image\" src=\"https:\/\/amwdynoservice.com\/wp-content\/uploads\/2021\/03\/gto-1.jpg\" alt=\"gto\" \/><\/figure><\/div><div class=\"swiper-slide\" role=\"group\" aria-roledescription=\"slide\" aria-label=\"2 of 5\"><figure class=\"swiper-slide-inner\"><img decoding=\"async\" class=\"swiper-slide-image\" src=\"https:\/\/amwdynoservice.com\/wp-content\/uploads\/2021\/03\/20210308_182826-1024x512.jpg\" alt=\"20210308_182826\" \/><\/figure><\/div><div class=\"swiper-slide\" role=\"group\" aria-roledescription=\"slide\" aria-label=\"3 of 5\"><figure class=\"swiper-slide-inner\"><img decoding=\"async\" class=\"swiper-slide-image\" src=\"https:\/\/amwdynoservice.com\/wp-content\/uploads\/2021\/03\/20210310_110047-1-scaled-e1616668473898-1024x576.jpg\" alt=\"20210310_110047\" \/><\/figure><\/div><div class=\"swiper-slide\" role=\"group\" aria-roledescription=\"slide\" aria-label=\"4 of 5\"><figure class=\"swiper-slide-inner\"><img decoding=\"async\" class=\"swiper-slide-image\" src=\"https:\/\/amwdynoservice.com\/wp-content\/uploads\/2021\/03\/weber-1024x461.jpg\" alt=\"weber\" \/><\/figure><\/div><div class=\"swiper-slide\" role=\"group\" aria-roledescription=\"slide\" aria-label=\"5 of 5\"><figure class=\"swiper-slide-inner\"><img decoding=\"async\" class=\"swiper-slide-image\" src=\"https:\/\/amwdynoservice.com\/wp-content\/uploads\/2021\/03\/IMG_20201209_163120_580-1-e1616674216853-1024x566.jpg\" alt=\"IMG_20201209_163120_580\" \/><\/figure><\/div>\t\t\t<\/div>\n\t\t\t\t\t\t\t\n\t\t\t\t\t\t\t\t\t<\/div>\n\t\t\t\t\t\t<\/div>\n\t\t\t\t<\/div>\n\t\t\t\t\t<\/div>\n\t\t<\/div>\n\t\t\t\t\t<\/div>\n\t\t<\/section>\n\t\t\t\t<section class=\"elementor-section elementor-top-section elementor-element elementor-element-e35dc4d elementor-section-boxed elementor-section-height-default elementor-section-height-default\" data-id=\"e35dc4d\" data-element_type=\"section\" data-e-type=\"section\">\n\t\t\t\t\t\t<div class=\"elementor-container elementor-column-gap-default\">\n\t\t\t\t\t<div class=\"elementor-column elementor-col-100 elementor-top-column elementor-element elementor-element-a17b042\" data-id=\"a17b042\" data-element_type=\"column\" data-e-type=\"column\">\n\t\t\t<div class=\"elementor-widget-wrap elementor-element-populated\">\n\t\t\t\t\t\t<div class=\"elementor-element elementor-element-17f505f elementor-widget elementor-widget-text-editor\" data-id=\"17f505f\" data-element_type=\"widget\" data-e-type=\"widget\" data-widget_type=\"text-editor.default\">\n\t\t\t\t<div class=\"elementor-widget-container\">\n\t\t\t\t\t\t\t\t\t<p>Suoritamme autojen entis\u00f6intej\u00e4 asiakkaan tarpeiden mukaan.\u00a0<\/p><p>Olemme kunnostaneet 1982 vuodesta l\u00e4htien jenkkiautoja. Corvette\u00a0 C3 ja C4 mallit ovat tuttuja ja niihin on runsaasti erikoisty\u00f6kaluja. GM Moottorit SBC \/BBC useita rakennettuja moottoreita. L\u00e4hes kaikista jenkki merkeist\u00e4 on jotain kokemusta. Brittiautot kuten E-type Jaguar, MGB, MIDGET ovat olleet my\u00f6s\u00a0 ty\u00f6n alla. 60- Luvun Ferrarit ja niiden haastava tekniikka on tullut tutuksi. Emme entis\u00f6i koreja, teemme vain tekniikkaan liittyvi\u00e4 kunnostuksia. Meill\u00e4 on toki kokemusta my\u00f6s korit\u00f6ist\u00e4 ja niit\u00e4 teemme vain mahdollisuuksien\/sopimuksen\u00a0 mukaan.<\/p><p>Vapor honing ( vesipuhallus hioma-aineilla) Uusi 2021 ! Palauttaa metallipinnat alkuper\u00e4ist\u00e4 parempaan kuntoon !\u00a0<\/p><p>Kaasutin specialisti ! Kaasuttimien osien puhdistus vapor honing menetelm\u00e4ll\u00e4.\u00a0<\/p><p>Ota yhteytt\u00e4 ja kysy lis\u00e4\u00e4!<\/p>\t\t\t\t\t\t\t\t<\/div>\n\t\t\t\t<\/div>\n\t\t\t\t\t<\/div>\n\t\t<\/div>\n\t\t\t\t\t<\/div>\n\t\t<\/section>\n\t\t\t\t<\/div>\n\t\t","protected":false},"excerpt":{"rendered":"<p>Autojen entis\u00f6inti Suoritamme autojen entis\u00f6intej\u00e4 asiakkaan tarpeiden mukaan.\u00a0 Olemme kunnostaneet 1982 vuodesta l\u00e4htien jenkkiautoja. Corvette\u00a0 C3 ja C4 mallit ovat tuttuja ja niihin on runsaasti&hellip;<\/p>\n","protected":false},"author":1,"featured_media":0,"parent":0,"menu_order":0,"comment_status":"closed","ping_status":"closed","template":"","meta":{"footnotes":""},"class_list":["post-200","page","type-page","status-publish","hentry"],"_links":{"self":[{"href":"https:\/\/amwdynoservice.com\/index.php\/wp-json\/wp\/v2\/pages\/200","targetHints":{"allow":["GET"]}}],"collection":[{"href":"https:\/\/amwdynoservice.com\/index.php\/wp-json\/wp\/v2\/pages"}],"about":[{"href":"https:\/\/amwdynoservice.com\/index.php\/wp-json\/wp\/v2\/types\/page"}],"author":[{"embeddable":true,"href":"https:\/\/amwdynoservice.com\/index.php\/wp-json\/wp\/v2\/users\/1"}],"replies":[{"embeddable":true,"href":"https:\/\/amwdynoservice.com\/index.php\/wp-json\/wp\/v2\/comments?post=200"}],"version-history":[{"count":49,"href":"https:\/\/amwdynoservice.com\/index.php\/wp-json\/wp\/v2\/pages\/200\/revisions"}],"predecessor-version":[{"id":534,"href":"https:\/\/amwdynoservice.com\/index.php\/wp-json\/wp\/v2\/pages\/200\/revisions\/534"}],"wp:attachment":[{"href":"https:\/\/amwdynoservice.com\/index.php\/wp-json\/wp\/v2\/media?parent=200"}],"curies":[{"name":"wp","href":"https:\/\/api.w.org\/{rel}","templated":true}]}}